{"id":227,"date":"2022-02-18T19:35:01","date_gmt":"2022-02-18T18:35:01","guid":{"rendered":"https:\/\/staging.excito-science.foundation\/?page_id=227"},"modified":"2022-02-18T19:35:01","modified_gmt":"2022-02-18T18:35:01","slug":"schwerpunkt-nachhaltigkeit","status":"publish","type":"page","link":"https:\/\/excito-science.foundation\/index.php\/schwerpunkt-nachhaltigkeit\/","title":{"rendered":"Schwerpunkt &#8211; Nachhaltigkeit"},"content":{"rendered":"<div class=\"\" style=\"\" >\n    \n    <section class=\"u-clearfix u-palette-1-light-2 u-section-2\" id=\"carousel_8019\">\n      <div class=\"u-clearfix u-sheet u-sheet-1\">\n        <div class=\"u-clearfix u-layout-wrap u-layout-wrap-1\">\n          <div class=\"u-layout\">\n            <div class=\"u-layout-row\">\n              <div class=\"u-align-left u-container-style u-layout-cell u-left-cell u-size-60 u-white u-layout-cell-1\">\n                <div class=\"u-container-layout u-container-layout-1\">\n                  <div class=\"u-align-left u-expanded-width u-left-0 u-uploaded-video u-video u-video-1\">\n                    <div class=\"embed-responsive\">\n                      <video class=\"embed-responsive-item\" data-autoplay=\"1\" loop=\"\" muted=\"\" autoplay=\"autoplay\" playsinline=\"\">\n                        <source src=\"https:\/\/excito-science.foundation\/wp-content\/uploads\/2022\/02\/20220218_19h31_02.webm\" type=\"video\/webm\">\n                        <p>Your browser does not support HTML5 video.<\/p>\n                      <\/video>\n                    <\/div>\n                  <\/div>\n                  <h5 class=\"u-text u-text-1\">NACHHALTIGKEIT<\/h5>\n                  <h1 class=\"u-text u-text-2\"><b>\u201cWie\nein Fu\u00dfabdruck am Strand\u201c<\/b>\n                  <\/h1>\n                  <p class=\"u-text u-text-palette-1-dark-3 u-text-3\"> Menschliches\nLeben beinhaltet Bed\u00fcrfnisse, die \u00fcber den Erhalt der Vitalfunktionen weit\nhinausgehen. Abh\u00e4ngig von Kultur- und Lebensraum bestehen unterschiedliche Anspr\u00fcche,\nderen Umsetzungen mehr und mehr Auswirkungen auf den Zustand der Lebensr\u00e4ume\nhaben. Der Wunsch, einen den grundlegenden Bed\u00fcrfnissen entsprechenden\nLebensraum f\u00fcr sich, seine Mitmenschen und nachfolgende Generationen\nvorzufinden und zu erhalten formuliert die Frage, wie dies zu erreichen ist.&nbsp;<br>\n                    <br>Die\nSpur menschlichen Lebens sollte nicht die zertretene Pflanze und dauerhaft\nverschmutze B\u00f6den und Gew\u00e4sser zur\u00fccklassen. Sie sollte wie der Fu\u00dfabdruck im\nSand in den nachfolgenden Wellen verschwinden. Menschliches Handeln darf keine\nirreversiblen Ver\u00e4nderungen hervorrufen.<br>\n                    <br>In\neinem Pilotprojekt will die Excito-Wissenschaftsstiftungsstiftung die\nEntwicklung autarke Lebensr\u00e4ume f\u00f6rdern. Ziel ist es, diesem Fu\u00dfabdruck im Sand\nnachzukommen. Die eingesetzten Materialien sollen vollst\u00e4ndige Entsorgungskonzepte\naufweisen. Die Nutzungsbalance soll das Ziel verfolgen, m\u00f6glichst ohne Gesamtver\u00e4nderungen\ndes Systems auszukommen.&nbsp;\n                  <\/p>\n                <\/div>\n              <\/div>\n            <\/div>\n          <\/div>\n        <\/div>\n      <\/div>\n    <\/section>\n    \n    \n  \n<\/div>","protected":false},"excerpt":{"rendered":"<p>Your browser does not support HTML5 video. NACHHALTIGKEIT \u201cWie ein Fu\u00dfabdruck am Strand\u201c Menschliches Leben beinhaltet Bed\u00fcrfnisse, die \u00fcber den Erhalt der Vitalfunktionen weit hinausgehen. Abh\u00e4ngig von Kultur- und Lebensraum bestehen unterschiedliche Anspr\u00fcche, deren Umsetzungen mehr und mehr Auswirkungen auf den Zustand der Lebensr\u00e4ume haben. Der Wunsch, einen den grundlegenden Bed\u00fcrfnissen entsprechenden Lebensraum f\u00fcr sich, [&hellip;]<\/p>\n","protected":false},"author":1,"featured_media":0,"parent":0,"menu_order":0,"comment_status":"closed","ping_status":"closed","template":"","meta":{"footnotes":""},"class_list":["post-227","page","type-page","status-publish","hentry"],"_links":{"self":[{"href":"https:\/\/excito-science.foundation\/index.php\/wp-json\/wp\/v2\/pages\/227","targetHints":{"allow":["GET"]}}],"collection":[{"href":"https:\/\/excito-science.foundation\/index.php\/wp-json\/wp\/v2\/pages"}],"about":[{"href":"https:\/\/excito-science.foundation\/index.php\/wp-json\/wp\/v2\/types\/page"}],"author":[{"embeddable":true,"href":"https:\/\/excito-science.foundation\/index.php\/wp-json\/wp\/v2\/users\/1"}],"replies":[{"embeddable":true,"href":"https:\/\/excito-science.foundation\/index.php\/wp-json\/wp\/v2\/comments?post=227"}],"version-history":[{"count":6,"href":"https:\/\/excito-science.foundation\/index.php\/wp-json\/wp\/v2\/pages\/227\/revisions"}],"predecessor-version":[{"id":234,"href":"https:\/\/excito-science.foundation\/index.php\/wp-json\/wp\/v2\/pages\/227\/revisions\/234"}],"wp:attachment":[{"href":"https:\/\/excito-science.foundation\/index.php\/wp-json\/wp\/v2\/media?parent=227"}],"curies":[{"name":"wp","href":"https:\/\/api.w.org\/{rel}","templated":true}]}}