{"id":221,"date":"2022-02-18T19:19:14","date_gmt":"2022-02-18T18:19:14","guid":{"rendered":"https:\/\/staging.excito-science.foundation\/?page_id=221"},"modified":"2022-02-18T19:19:14","modified_gmt":"2022-02-18T18:19:14","slug":"schwerpunkt-interdisziplinaere-forschung","status":"publish","type":"page","link":"https:\/\/excito-science.foundation\/index.php\/schwerpunkt-interdisziplinaere-forschung\/","title":{"rendered":"Schwerpunkt &#8211; Interdisziplin\u00e4re Forschung"},"content":{"rendered":"<div class=\"\" style=\"\" >\n    \n    <section class=\"u-clearfix u-palette-1-light-2 u-section-2\" id=\"carousel_8019\">\n      <div class=\"u-clearfix u-sheet u-valign-middle u-sheet-1\">\n        <div class=\"u-clearfix u-layout-wrap u-layout-wrap-1\">\n          <div class=\"u-layout\">\n            <div class=\"u-layout-row\">\n              <div class=\"u-align-left u-container-style u-layout-cell u-left-cell u-size-60 u-white u-layout-cell-1\">\n                <div class=\"u-container-layout u-valign-top u-container-layout-1\">\n                  <div class=\"u-align-left u-expanded-width u-left-0 u-uploaded-video u-video u-video-1\">\n                    <div class=\"embed-responsive\">\n                      <video class=\"embed-responsive-item\" data-autoplay=\"1\" loop=\"\" muted=\"\" autoplay=\"autoplay\" playsinline=\"\">\n                        <source src=\"https:\/\/excito-science.foundation\/wp-content\/uploads\/2022\/02\/20220218_19h16_07.webm\" type=\"video\/webm\">\n                        <p>Your browser does not support HTML5 video.<\/p>\n                      <\/video>\n                    <\/div>\n                  <\/div>\n                  <h1 class=\"u-text u-text-1\"><b><\/b><b>Interdisziplin\u00e4re\nForschung<\/b>\n                  <\/h1>\n                  <p class=\"u-text u-text-palette-1-dark-3 u-text-2\"> Auch\nzwischen Wissensgebieten sind Abgrenzungen entstanden. Wir m\u00f6chten Br\u00fccken\naufzeigen, Kontakte vermitteln, Zugang zu neuen Blickwinkeln erm\u00f6glichen,\nLernende und forschende \u00fcber Fakult\u00e4tsgrenzen vernetzen und anregen, auch die\nAnderen zu fragen. In einer ersten Ma\u00dfnahme haben wir f\u00fcr eine\nreligionswissenschaftlich-kunsthistorisch wichtige Forschungsarbeit an der\nUniversit\u00e4t Potsdam einen Druckkostenzuschuss geleistet, weil in der Arbeit\nnaturwissenschaftliche Erkenntnisse und Methoden Ber\u00fccksichtigung fanden.&nbsp;<\/p>\n                <\/div>\n              <\/div>\n            <\/div>\n          <\/div>\n        <\/div>\n      <\/div>\n    <\/section>\n    \n    \n  \n<\/div>","protected":false},"excerpt":{"rendered":"<p>Your browser does not support HTML5 video. Interdisziplin\u00e4re Forschung Auch zwischen Wissensgebieten sind Abgrenzungen entstanden. Wir m\u00f6chten Br\u00fccken aufzeigen, Kontakte vermitteln, Zugang zu neuen Blickwinkeln erm\u00f6glichen, Lernende und forschende \u00fcber Fakult\u00e4tsgrenzen vernetzen und anregen, auch die Anderen zu fragen. In einer ersten Ma\u00dfnahme haben wir f\u00fcr eine religionswissenschaftlich-kunsthistorisch wichtige Forschungsarbeit an der Universit\u00e4t Potsdam einen [&hellip;]<\/p>\n","protected":false},"author":1,"featured_media":0,"parent":0,"menu_order":0,"comment_status":"closed","ping_status":"closed","template":"","meta":{"footnotes":""},"class_list":["post-221","page","type-page","status-publish","hentry"],"_links":{"self":[{"href":"https:\/\/excito-science.foundation\/index.php\/wp-json\/wp\/v2\/pages\/221","targetHints":{"allow":["GET"]}}],"collection":[{"href":"https:\/\/excito-science.foundation\/index.php\/wp-json\/wp\/v2\/pages"}],"about":[{"href":"https:\/\/excito-science.foundation\/index.php\/wp-json\/wp\/v2\/types\/page"}],"author":[{"embeddable":true,"href":"https:\/\/excito-science.foundation\/index.php\/wp-json\/wp\/v2\/users\/1"}],"replies":[{"embeddable":true,"href":"https:\/\/excito-science.foundation\/index.php\/wp-json\/wp\/v2\/comments?post=221"}],"version-history":[{"count":4,"href":"https:\/\/excito-science.foundation\/index.php\/wp-json\/wp\/v2\/pages\/221\/revisions"}],"predecessor-version":[{"id":226,"href":"https:\/\/excito-science.foundation\/index.php\/wp-json\/wp\/v2\/pages\/221\/revisions\/226"}],"wp:attachment":[{"href":"https:\/\/excito-science.foundation\/index.php\/wp-json\/wp\/v2\/media?parent=221"}],"curies":[{"name":"wp","href":"https:\/\/api.w.org\/{rel}","templated":true}]}}