{"id":187,"date":"2022-02-18T18:56:34","date_gmt":"2022-02-18T17:56:34","guid":{"rendered":"https:\/\/staging.excito-science.foundation\/?page_id=187"},"modified":"2022-02-18T18:56:37","modified_gmt":"2022-02-18T17:56:37","slug":"schwerpunkt-bildung","status":"publish","type":"page","link":"https:\/\/excito-science.foundation\/index.php\/schwerpunkt-bildung\/","title":{"rendered":"Schwerpunkt &#8211; Bildung"},"content":{"rendered":"<div class=\"\" style=\"\" >\n    \n    <section class=\"u-clearfix u-palette-1-light-2 u-valign-middle-lg u-valign-middle-xl u-section-2\" id=\"carousel_8019\">\n      <div class=\"u-clearfix u-layout-wrap u-layout-wrap-1\">\n        <div class=\"u-layout\">\n          <div class=\"u-layout-row\">\n            <div class=\"u-container-style u-image u-layout-cell u-right-cell u-shape-rectangle u-size-25 u-image-1\" data-image-width=\"1008\" data-image-height=\"567\" style=\"background-image: url(&quot;https:\/\/excito-science.foundation\/wp-content\/uploads\/2022\/02\/6.1Bildung2788.jpeg&quot;);\">\n              <div class=\"u-container-layout u-container-layout-1\"><\/div>\n            <\/div>\n            <div class=\"u-align-left u-container-style u-layout-cell u-left-cell u-size-35 u-white u-layout-cell-2\">\n              <div class=\"u-container-layout u-container-layout-2\">\n                <h5 class=\"u-text u-text-1\"><b>Bildung\n\u2013 Veterin\u00e4rmedizin<\/b>\n                <\/h5>\n                <h1 class=\"u-text u-text-2\"><b>INNO\nVET Studie 2016\/2017<\/b>\n                <\/h1>\n                <p class=\"u-text u-text-palette-1-dark-3 u-text-3\"> Im\nRahmen einer Dissertation wurden Erhebungen zu Innovationsdynamik in der\nTiermedizin gef\u00f6rdert. Die Untersuchung beinhaltete Fragen der demografischen\nEntwicklung, Ausgaben f\u00fcr Forschungsprojekte und deren \u00f6konomische\nWertsch\u00f6pfung in der Veterin\u00e4rmedizin. Gegenstand der Untersuchung waren ausschlie\u00dflich\npraktizierende Tier\u00e4rzte im deutschsprachigen Raum. Methode dieser Studie war die\nempirische Datenerhebung Erhebung in Form eines Fragebogens, die \"INNO VET\nStudie 2016\/2017.\" Die Entwicklung des Fragebogens basierte auf Interviews\nmit ausgew\u00e4hlten Experten aus Wissenschaft, staatlichen Institutionen und der\npharmazeutischen Industrie. Die Validit\u00e4t der konzipierten Aussagen wurde durch\neine ausgew\u00e4hlte Stichprobe von Tier\u00e4rzten mittels eines Pre-Tests ermittelt.\nDie hierdurch gewonnenen Erkenntnisse flossen in die Optimierung des\nOnline-Fragebogens \"INNO VET Studie 2016\/2017\" ein. Durch speziell\nf\u00fcr diese Arbeit erstellte Web-Crawling-Algorithmen konnte eine Datenbank mit\nDatens\u00e4tzen von Tier\u00e4rzten aus dem deutschsprachigen Raum mit einem repr\u00e4sentativen\nUmfang generiert werden. Im ersten Schritt wurden die Daten des Fragebogens\n\"INNO VET Studie 2016\/2017\" von einer signifikanten Anzahl von 500\nTier\u00e4rzten aus dem deutschsprachigen Raum erhoben. Anschlie\u00dfend wurde die\nOnline-Umfrage per E-Mail an insgesamt 5.403 Tier\u00e4rzte aus dem\ndeutschsprachigen Raum verschickt. Anschlie\u00dfend erfolgte eine Non-Response-Analyse\nmit Tier\u00e4rzten auf Basis desselben Datensatzes. Die statistischen Auswertungen\nbildete die Grundlage Interpretationen bez\u00fcglich der Einsch\u00e4tzung von &nbsp;deutschsprachigen Tier\u00e4rzten des Europ\u00e4ischen Raumes\nan Innovationen in ihrem Arbeitsfeld und ihrer Bereitschaft, Innovationen zu\nf\u00f6rdern.<\/p>\n              <\/div>\n            <\/div>\n          <\/div>\n        <\/div>\n      <\/div>\n    <\/section>\n    \n    \n  \n<\/div>","protected":false},"excerpt":{"rendered":"<p>Bildung \u2013 Veterin\u00e4rmedizin INNO VET Studie 2016\/2017 Im Rahmen einer Dissertation wurden Erhebungen zu Innovationsdynamik in der Tiermedizin gef\u00f6rdert. Die Untersuchung beinhaltete Fragen der demografischen Entwicklung, Ausgaben f\u00fcr Forschungsprojekte und deren \u00f6konomische Wertsch\u00f6pfung in der Veterin\u00e4rmedizin. Gegenstand der Untersuchung waren ausschlie\u00dflich praktizierende Tier\u00e4rzte im deutschsprachigen Raum. Methode dieser Studie war die empirische Datenerhebung Erhebung in [&hellip;]<\/p>\n","protected":false},"author":1,"featured_media":0,"parent":0,"menu_order":0,"comment_status":"closed","ping_status":"closed","template":"","meta":{"footnotes":""},"class_list":["post-187","page","type-page","status-publish","hentry"],"_links":{"self":[{"href":"https:\/\/excito-science.foundation\/index.php\/wp-json\/wp\/v2\/pages\/187","targetHints":{"allow":["GET"]}}],"collection":[{"href":"https:\/\/excito-science.foundation\/index.php\/wp-json\/wp\/v2\/pages"}],"about":[{"href":"https:\/\/excito-science.foundation\/index.php\/wp-json\/wp\/v2\/types\/page"}],"author":[{"embeddable":true,"href":"https:\/\/excito-science.foundation\/index.php\/wp-json\/wp\/v2\/users\/1"}],"replies":[{"embeddable":true,"href":"https:\/\/excito-science.foundation\/index.php\/wp-json\/wp\/v2\/comments?post=187"}],"version-history":[{"count":4,"href":"https:\/\/excito-science.foundation\/index.php\/wp-json\/wp\/v2\/pages\/187\/revisions"}],"predecessor-version":[{"id":202,"href":"https:\/\/excito-science.foundation\/index.php\/wp-json\/wp\/v2\/pages\/187\/revisions\/202"}],"wp:attachment":[{"href":"https:\/\/excito-science.foundation\/index.php\/wp-json\/wp\/v2\/media?parent=187"}],"curies":[{"name":"wp","href":"https:\/\/api.w.org\/{rel}","templated":true}]}}